{"id":10591,"date":"2015-10-19T04:23:53","date_gmt":"2015-10-19T04:23:53","guid":{"rendered":"http:\/\/demo.thimpress.com\/eduma\/?page_id=12"},"modified":"2025-11-05T10:50:40","modified_gmt":"2025-11-05T15:50:40","slug":"home","status":"publish","type":"page","link":"https:\/\/itmariopezzotti.edu.co\/web\/","title":{"rendered":"Inicio"},"content":{"rendered":"<div class=\"wpb-content-wrapper\"><p>[vc_row full_width=\u00bbstretch_row\u00bb][vc_column][rev_slider_vc alias=\u00bbhome-page\u00bb][\/vc_column][\/vc_row][vc_row css=\u00bb.vc_custom_1762356615614{margin-top: -90px !important;background-color: #eee0cd !important;}\u00bb el_class=\u00bbrow_relative\u00bb][vc_column width=\u00bb2\/3&#8243; css=\u00bb.vc_custom_1532058844902{padding-top: 0px !important;}\u00bb][vc_row_inner css=\u00bb.vc_custom_1532058886594{margin-bottom: 0px !important;padding-top: 35px !important;padding-right: 20px !important;padding-bottom: 30px !important;padding-left: 20px !important;}\u00bb][vc_column_inner width=\u00bb1\/2&#8243;]<div class=\"thim-widget-icon-box template-base\"><div class=\"wrapper-box-icon text-left \" ><div class=\"smicon-box iconbox-left\" style=\"--icon-font-size:48px;--icon-color:#dd6c30;--icon-width: 60px;--icon-height: 55px;--icon-color-hover:#dd6c30;\"><div class=\"boxes-icon\"><a class=\"icon-box-link\" target=\"_self\" href=\"#\"><span class=\"inner-icon\"><span class=\"icon\"><i class=\"fas fa-user-clock\"\"><\/i><\/span><\/span><\/span><\/a><\/div><div class=\"content-inner\"><div class=\"sc-heading article_heading\"><h3 class = \"heading__primary\" style=\"--title-color: #2ec4b6;--title-font-size: 18px;--title-font-weight: 400;--title-margin-bottom: 5px;\"><a class=\"icon-box-link\" target=\"_self\" href=\"#\" >INSCRIPCIONES ABIERTAS<\/a><\/h3><\/div><div class=\"desc-icon-box\"><div class=\"desc-content\" style=\"color: #292929;font-size: 16px;font-weight: 300;line-height: 23px;\">Del 15 de septiembre al 21 de noviembre 2025<\/div><\/div><\/div><\/div><\/div><\/div>[\/vc_column_inner][vc_column_inner width=\u00bb1\/2&#8243;]<div class=\"thim-widget-icon-box template-base\"><div class=\"wrapper-box-icon text-left \" ><div class=\"smicon-box iconbox-left\" style=\"--icon-font-size:48px;--icon-color:#ff0000;--icon-width: 60px;--icon-height: 55px;--icon-color-hover:#ff2b2b;\"><div class=\"boxes-icon\"><a class=\"icon-box-link\" target=\"_blank\" href=\"https:\/\/web.facebook.com\/watch\/?v=2012300872447606\"><span class=\"inner-icon\"><span class=\"icon\"><i class=\"fab fa-youtube\"\"><\/i><\/span><\/span><\/span><\/a><\/div><div class=\"content-inner\"><div class=\"sc-heading article_heading\"><h3 class = \"heading__primary\" style=\"--title-color: #2ec4b6;--title-font-size: 18px;--title-font-weight: 400;--title-margin-bottom: 5px;\"><a class=\"icon-box-link\" target=\"_blank\" href=\"https:\/\/web.facebook.com\/watch\/?v=2012300872447606\" >INSTRUCCIONES<\/a><\/h3><\/div><div class=\"desc-icon-box\"><div class=\"desc-content\" style=\"color: #292929;font-size: 16px;font-weight: 300;line-height: 23px;\">Videotutorial<\/div><\/div><\/div><\/div><\/div><\/div>[\/vc_column_inner][\/vc_row_inner][\/vc_column][vc_column width=\u00bb1\/3&#8243; el_class=\u00bbfeature-icon-box\u00bb css=\u00bb.vc_custom_1532058945916{padding-top: 35px !important;padding-right: 0px !important;padding-bottom: 33px !important;padding-left: 30px !important;}\u00bb]<div class=\"thim-widget-icon-box template-base\"><div class=\"wrapper-box-icon text-left \" ><div class=\"smicon-box iconbox-right\" style=\"--icon-font-size:45px;--icon-color:#ffffff;--icon-width: 100px;--icon-height: 42px;--icon-color-hover:#292929;\"><div class=\"boxes-icon\"><a class=\"icon-box-link\" target=\"_blank\" href=\"\/ovy\/register\"><span class=\"inner-icon\"><span class=\"icon\"><i class=\"fas fa-hand-point-left\"\"><\/i><\/span><\/span><\/span><\/a><\/div><div class=\"content-inner\"><div class=\"sc-heading article_heading\"><h2 class = \"heading__primary\" style=\"--title-color: #ffffff;--title-font-size: 20px;--title-font-weight: 500;--title-margin-bottom: 5px;\"><a class=\"icon-box-link\" target=\"_blank\" href=\"\/ovy\/register\" >INSCR\u00cdBETE AQU\u00cd<\/a><\/h2><\/div><div class=\"desc-icon-box\"><div class=\"desc-content\" style=\"color: #ffffff;font-size: 16px;font-weight: 400;line-height: 23px;\">Estudiantes Nuevos 2026<\/div><\/div><\/div><\/div><\/div><\/div>[\/vc_column][\/vc_row][vc_row disable_element=\u00bbyes\u00bb css=\u00bb.vc_custom_1762356624330{margin-top: -90px !important;background-color: #fff346 !important;}\u00bb el_class=\u00bbrow_relative\u00bb][vc_column width=\u00bb2\/3&#8243; css=\u00bb.vc_custom_1532058844902{padding-top: 0px !important;}\u00bb][vc_row_inner css=\u00bb.vc_custom_1532058886594{margin-bottom: 0px !important;padding-top: 35px !important;padding-right: 20px !important;padding-bottom: 30px !important;padding-left: 20px !important;}\u00bb][vc_column_inner width=\u00bb1\/3&#8243;]<div class=\"thim-widget-icon-box template-base\"><div class=\"wrapper-box-icon text-left \" ><div class=\"smicon-box iconbox-left\" style=\"--icon-font-size:48px;--icon-color:#007942;--icon-width: 60px;--icon-height: 55px;--icon-color-hover:#dfc290;\"><div class=\"boxes-icon\"><a class=\"icon-box-link\" target=\"_self\" href=\"#\"><span class=\"inner-icon\"><span class=\"icon\"><i class=\"fas fa-briefcase\"\"><\/i><\/span><\/span><\/span><\/a><\/div><div class=\"content-inner\"><div class=\"sc-heading article_heading\"><h3 class = \"heading__primary\" style=\"--title-color: #406543;--title-font-size: 18px;--title-font-weight: 400;--title-margin-bottom: 5px;\"><a class=\"icon-box-link\" target=\"_self\" href=\"#\" >MODALIDADES T\u00c9CNICAS<\/a><\/h3><\/div><\/div><\/div><\/div><\/div>[\/vc_column_inner][vc_column_inner width=\u00bb1\/3&#8243;]<div class=\"thim-widget-icon-box template-base\"><div class=\"wrapper-box-icon text-left \" ><div class=\"smicon-box iconbox-left\" style=\"--icon-font-size:48px;--icon-color:#007942;--icon-width: 60px;--icon-height: 55px;--icon-color-hover:#dfc290;\"><div class=\"boxes-icon\"><a class=\"icon-box-link\" target=\"_self\" href=\"#\"><span class=\"inner-icon\"><span class=\"icon\"><i class=\"ion-ios-book-outline\"\"><\/i><\/span><\/span><\/span><\/a><\/div><div class=\"content-inner\"><div class=\"sc-heading article_heading\"><h3 class = \"heading__primary\" style=\"--title-color: #406543;--title-font-size: 18px;--title-font-weight: 400;--title-margin-bottom: 5px;\"><a class=\"icon-box-link\" target=\"_self\" href=\"#\" >EDUCACI\u00d3N<\/a><\/h3><\/div><div class=\"desc-icon-box\"><div class=\"desc-content\" style=\"color: #292929;font-size: 16px;font-weight: 300;line-height: 23px;\">Preescolar y Primaria<\/div><\/div><\/div><\/div><\/div><\/div>[\/vc_column_inner][vc_column_inner width=\u00bb1\/3&#8243;]<div class=\"thim-widget-icon-box template-base\"><div class=\"wrapper-box-icon text-left \" ><div class=\"smicon-box iconbox-left\" style=\"--icon-font-size:48px;--icon-color:#007942;--icon-width: 60px;--icon-height: 55px;--icon-color-hover:#dda94f;\"><div class=\"boxes-icon\"><a class=\"icon-box-link\" target=\"_self\" href=\"#\"><span class=\"inner-icon\"><span class=\"icon\"><i class=\"ion-ios-basketball-outline\"\"><\/i><\/span><\/span><\/span><\/a><\/div><div class=\"content-inner\"><div class=\"sc-heading article_heading\"><h3 class = \"heading__primary\" style=\"--title-color: #406543;--title-font-size: 18px;--title-font-weight: 400;--title-margin-bottom: 5px;\"><a class=\"icon-box-link\" target=\"_self\" href=\"#\" >EDUCACI\u00d3N<\/a><\/h3><\/div><div class=\"desc-icon-box\"><div class=\"desc-content\" style=\"color: #292929;font-size: 16px;font-weight: 300;line-height: 23px;\">Secundaria y Media<\/div><\/div><\/div><\/div><\/div><\/div>[\/vc_column_inner][\/vc_row_inner][\/vc_column][vc_column width=\u00bb1\/3&#8243; el_class=\u00bbfeature-icon-box\u00bb css=\u00bb.vc_custom_1737517365120{padding-top: 35px !important;padding-right: 0px !important;padding-bottom: 33px !important;padding-left: 30px !important;background-color: #007942 !important;}\u00bb]<div class=\"thim-widget-icon-box template-base\"><div class=\"wrapper-box-icon text-left \" ><div class=\"smicon-box iconbox-right\"><div class=\"content-inner\"><\/div><\/div><\/div><\/div>[\/vc_column][\/vc_row][vc_row][vc_column width=\u00bb1\/2&#8243;]<div class=\"thim-widget-heading template-base\"><div class=\"sc_heading  \"><h3 style=\"color:#292929;font-size:35px;font-weight:600;\" class=\"title\">Contrataciones<strong> y licitaciones<\/strong><\/h3><\/div><\/div>[vc_column_text]<a href=\"https:\/\/itmariopezzotti.edu.co\/web\/category\/contratacion\/\"><img loading=\"lazy\" decoding=\"async\" class=\"aligncenter wp-image-12092 \" src=\"https:\/\/itmariopezzotti.edu.co\/web\/wp-content\/uploads\/2022\/04\/Presentacion-Finanzas-Historia-Negro-y-Verde.png\" alt=\"\" width=\"446\" height=\"251\" srcset=\"https:\/\/itmariopezzotti.edu.co\/web\/wp-content\/uploads\/2022\/04\/Presentacion-Finanzas-Historia-Negro-y-Verde.png 5760w, https:\/\/itmariopezzotti.edu.co\/web\/wp-content\/uploads\/2022\/04\/Presentacion-Finanzas-Historia-Negro-y-Verde-300x169.png 300w, https:\/\/itmariopezzotti.edu.co\/web\/wp-content\/uploads\/2022\/04\/Presentacion-Finanzas-Historia-Negro-y-Verde-1024x576.png 1024w, https:\/\/itmariopezzotti.edu.co\/web\/wp-content\/uploads\/2022\/04\/Presentacion-Finanzas-Historia-Negro-y-Verde-768x432.png 768w, https:\/\/itmariopezzotti.edu.co\/web\/wp-content\/uploads\/2022\/04\/Presentacion-Finanzas-Historia-Negro-y-Verde-1536x864.png 1536w, https:\/\/itmariopezzotti.edu.co\/web\/wp-content\/uploads\/2022\/04\/Presentacion-Finanzas-Historia-Negro-y-Verde-2048x1152.png 2048w\" sizes=\"auto, (max-width: 446px) 100vw, 446px\" \/><\/a>[\/vc_column_text]<div class=\"thim-widget-heading template-base\"><div class=\"sc_heading  \"><h3 style=\"color:#292929;font-size:35px;font-weight:600;\" class=\"title\">Secci\u00f3n<strong> Especial<\/strong><\/h3><\/div><\/div>[vc_column_text]<a href=\"https:\/\/institutomariopezz.wixsite.com\/mariopezzotti\"><img loading=\"lazy\" decoding=\"async\" class=\"wp-image-12127 aligncenter\" src=\"https:\/\/itmariopezzotti.edu.co\/web\/wp-content\/uploads\/2022\/06\/MarioPezzotti-300x169.png\" alt=\"\" width=\"448\" height=\"252\" srcset=\"https:\/\/itmariopezzotti.edu.co\/web\/wp-content\/uploads\/2022\/06\/MarioPezzotti-300x169.png 300w, https:\/\/itmariopezzotti.edu.co\/web\/wp-content\/uploads\/2022\/06\/MarioPezzotti-1024x576.png 1024w, https:\/\/itmariopezzotti.edu.co\/web\/wp-content\/uploads\/2022\/06\/MarioPezzotti-768x432.png 768w, https:\/\/itmariopezzotti.edu.co\/web\/wp-content\/uploads\/2022\/06\/MarioPezzotti-1536x864.png 1536w, https:\/\/itmariopezzotti.edu.co\/web\/wp-content\/uploads\/2022\/06\/MarioPezzotti-2048x1152.png 2048w\" sizes=\"auto, (max-width: 448px) 100vw, 448px\" \/><\/a>[\/vc_column_text][\/vc_column][vc_column width=\u00bb1\/2&#8243;]<div class=\"thim-widget-heading template-base\"><div class=\"sc_heading  \"><h3 style=\"color:#292929;font-size:35px;font-weight:600;\" class=\"title\">Videotutorial Inscripciones de Estudiantes Nuevos<strong>2026<\/strong><\/h3><\/div><\/div>[vc_column_text css=\u00bb\u00bb]<\/p>\n<p style=\"text-align: center;\"><iframe loading=\"lazy\" style=\"border: none; overflow: hidden;\" src=\"https:\/\/www.facebook.com\/plugins\/video.php?height=284&amp;href=https%3A%2F%2Fwww.facebook.com%2Fovycompany%2Fvideos%2F2012300872447606%2F&amp;show_text=false&amp;width=560&amp;t=0\" width=\"560\" height=\"284\" frameborder=\"0\" scrolling=\"no\" allowfullscreen=\"allowfullscreen\"><\/iframe><\/p>\n<p>[\/vc_column_text][\/vc_column][vc_column][vc_zigzag css=\u00bb.vc_custom_1553787417949{margin-top: 15px !important;}\u00bb][\/vc_column][\/vc_row][vc_row full_width=\u00bbstretch_row\u00bb][vc_column width=\u00bb1\/3&#8243;]<div class=\"thim-widget-heading template-base\"><div class=\"sc_heading  \"><h3 style=\"color:#292929;font-size:35px;font-weight:600;\" class=\"title\">Nuestra <strong>Misi\u00f3n<\/strong><\/h3><\/div><\/div>[vc_column_text css=\u00bb.vc_custom_1710002502838{margin-bottom: 35px !important;}\u00bb]<\/p>\n<div class=\"textwidget\">\n<p style=\"text-align: left;\">\u201cEl Instituto T\u00e9cnico Mario Pezzotti Lemus es una instituci\u00f3n educativa que desarrolla su quehacer pedag\u00f3gico en los niveles de preescolar, b\u00e1sica y media t\u00e9cnica en articulaci\u00f3n con el SENA, con un equipo interdisciplinario de docentes innovadores, cuya tarea prioritaria est\u00e1 orientada a la formaci\u00f3n integral de estudiantes, priorizando el respeto por la dignidad del ser humano en todas sus dimensiones y la promoci\u00f3n del pensamiento cr\u00edtico, en el marco de una educaci\u00f3n inclusiva incorporando las nuevas tecnolog\u00edas que le permitan transformar positivamente el medio con el que interact\u00faa.\u201d.<\/p>\n<\/div>\n<p>[\/vc_column_text]<div class=\"thim-widget-heading template-base\"><div class=\"sc_heading  text-left\"><h3 style=\"color:#292929;font-size:35px;font-weight:600;\" class=\"title\">Nuestra <strong>Visi\u00f3n<\/strong><\/h3><\/div><\/div>[vc_column_text]\u00bbEl Instituto T\u00e9cnico Mario Pezzotti Lemus en el 2030, ser\u00e1 reconocido a nivel departamental como una instituci\u00f3n innovadora en \u00e1mbitos pedag\u00f3gicos, did\u00e1cticos y tecnol\u00f3gicos, que atiende sin distinci\u00f3n, con justicia y pertinencia a la poblaci\u00f3n residenciada en el municipio de Los Patios, favoreciendo el mejoramiento de la calidad de vida de sus estudiantes como ciudadanos promotores de su propio desarrollo, del cambio social y propiciadores de ambientes de paz.\u00bb[\/vc_column_text]<div class=\"thim-widget-button template-base\"><a class=\"widget-button very-rounded no-border small custom_style\" href=\"https:\/\/itmariopezzotti.edu.co\/web\/nuestro-colegio\/\" style=\"--widget-button-font-size: 14px;--widget-button-font-weight: 400;--widget-button-color: #ffffff;--widget-button-background-color: #2ec4b6;--widget-button-color-hover: #ffffff;--widget-button-background-color-hover: #1c9b8e;\"><i class=\"fa fa-plus\" style=\"font-size: 14px;\"><\/i> Informaci\u00f3n<\/a><\/div>[\/vc_column][vc_column width=\u00bb2\/3&#8243;]<div class=\"thim-widget-heading template-base\"><div class=\"sc_heading  text-center\"><h3 class=\"title\">Calendario <strong>Acad\u00e9mico<\/strong><\/h3><\/div><\/div>[vc_column_text]<\/p>\n<p style=\"text-align: center;\"><iframe loading=\"lazy\" style=\"border: 0;\" src=\"https:\/\/calendar.google.com\/calendar\/embed?src=calendario%40itmariopezzotti.edu.co&amp;ctz=America%2FBogota\" width=\"800\" height=\"600\" frameborder=\"0\" scrolling=\"no\"><\/iframe><\/p>\n<p>[\/vc_column_text][\/vc_column][\/vc_row][vc_row css=\u00bb.vc_custom_1548794962314{padding-top: 0px !important;padding-bottom: 0px !important;}\u00bb][vc_column][vc_separator][\/vc_column][\/vc_row][vc_row css=\u00bb.vc_custom_1737517177747{background-image: url(https:\/\/itmariopezzotti.edu.co\/web\/wp-content\/uploads\/2025\/01\/Teprot.png?id=12485) !important;background-position: center !important;background-repeat: no-repeat !important;background-size: cover !important;}\u00bb][vc_column width=\u00bb1\/3&#8243;][\/vc_column][vc_column width=\u00bb1\/3&#8243;]<div class=\"thim-widget-heading template-base\"><div class=\"sc_heading  text-center\"><h2 style=\"color:#1e73be;font-size:20px;font-weight:bold;font-style:normal;\" class=\"title\">TeGu\u00edo<\/h2><span style=\"background-color:#1e73be\" class=\"line\"><\/span><\/div><\/div>[vc_column_text css=\u00bb\u00bb]<\/p>\n<p style=\"text-align: center;\">Si tienes dudas sobre l\u00edmites en las relaciones, consentimiento, contacto con material de explotaci\u00f3n sexual de ni\u00f1as, ni\u00f1os y adolescentes, preocupaciones sobre los intereses, comentarios o comportamientos sexuales de alguien menor de 18 a\u00f1os, en Te Gu\u00edo est\u00e1 bien preguntar.<\/p>\n<p>[\/vc_column_text][vc_btn title=\u00bbVisitar Sitio\u00bb style=\u00bb3d\u00bb color=\u00bbprimary\u00bb size=\u00bbsm\u00bb align=\u00bbcenter\u00bb i_icon_fontawesome=\u00bbfas fa-external-link-alt\u00bb css_animation=\u00bbbottom-to-top\u00bb css=\u00bb\u00bb add_icon=\u00bbtrue\u00bb link=\u00bburl:https%3A%2F%2Fwww.teguiocolombia.org%2Findex.html|target:_blank\u00bb][\/vc_column][vc_column width=\u00bb1\/3&#8243;][\/vc_column][\/vc_row][vc_row css=\u00bb.vc_custom_1548794962314{padding-top: 0px !important;padding-bottom: 0px !important;}\u00bb][vc_column][vc_separator][\/vc_column][\/vc_row][vc_row full_width=\u00bbstretch_row\u00bb gap=\u00bb15&#8243; css=\u00bb.vc_custom_1595037172642{margin-bottom: 0px !important;padding-top: 10px !important;padding-bottom: 10px !important;background-color: #ffffff !important;}\u00bb][vc_column width=\u00bb1\/2&#8243; css=\u00bb.vc_custom_1548712686673{padding-top: 10px !important;}\u00bb]<div class=\"thim-widget-heading template-base\"><div class=\"sc_heading  text-center\"><h3 class=\"title\">Nuestra <strong>Galer\u00eda<strong><\/h3><\/div><\/div><div class=\"thim-widget-gallery-posts template-gallery-posts\">\n\n\t\n\t<div class=\"wrapper-gallery-filter row\" itemscope itemtype=\"http:\/\/schema.org\/ItemList\">\n\t\t<div class=\"item_gallery col-sm-4 item_post filter-3481\"><a class=\"thim-gallery-popup\" href=\"#\" data-id=\"12514\"><img loading=\"lazy\" decoding=\"async\" src=\"https:\/\/itmariopezzotti.edu.co\/web\/wp-content\/uploads\/2025\/03\/WhatsApp-Image-2025-03-04-at-11.42.24-AM-440x440.jpeg\" alt=\"RENDICI\u00d3N DE CUENTAS VIGENCIA 2024 -2025\" title=\"WhatsApp Image 2025-03-04 at 11.42.24 AM\"  width=\"440\" height=\"440\"><\/a><\/div><div class=\"item_gallery col-sm-4 item_post filter-1\"><a class=\"thim-gallery-popup\" href=\"#\" data-id=\"12215\"><img loading=\"lazy\" decoding=\"async\" src=\"https:\/\/itmariopezzotti.edu.co\/web\/wp-content\/uploads\/2022\/10\/WhatsApp-Image-2022-10-19-at-6.57.21-PM-440x440.jpeg\" alt=\"IV FESTIVAL FOLCL\u00d3RICO &#8211; SEDE MONTEBELLO\" title=\"WhatsApp Image 2022-10-19 at 6.57.21 PM\"  width=\"440\" height=\"440\"><\/a><\/div><div class=\"item_gallery col-sm-4 item_post filter-3471\"><a class=\"thim-gallery-popup\" href=\"#\" data-id=\"12168\"><img loading=\"lazy\" decoding=\"async\" src=\"https:\/\/itmariopezzotti.edu.co\/web\/wp-content\/uploads\/2022\/08\/WhatsApp-Image-2022-08-29-at-9.47.21-AM-2-440x440.jpeg\" alt=\"IZADA DE BANDERA KIL\u00d3METRO 8\" title=\"WhatsApp Image 2022-08-29 at 9.47.21 AM (2)\"  width=\"440\" height=\"440\"><\/a><\/div><div class=\"item_gallery col-sm-4 item_post filter-3481\"><a class=\"thim-gallery-popup\" href=\"#\" data-id=\"12148\"><img loading=\"lazy\" decoding=\"async\" src=\"https:\/\/itmariopezzotti.edu.co\/web\/wp-content\/uploads\/2022\/08\/WhatsApp-Image-2022-08-26-at-9.57.56-AM-440x440.jpeg\" alt=\"PARTICIPACI\u00d3N EN LA FERIA DE LA CREATIVIDAD, CIENCIA E INNOVACI\u00d3N LOS PATIOS 2022\" title=\"WhatsApp Image 2022-08-26 at 9.57.56 AM\"  width=\"440\" height=\"440\"><\/a><\/div>\t<\/div>\n\t<div class=\"thim-gallery-show\"><\/div>\n\n\t<\/div>[\/vc_column][vc_column width=\u00bb1\/2&#8243; el_class=\u00bbthim-border-left-event\u00bb css=\u00bb.vc_custom_1548712678872{padding-top: 10px !important;}\u00bb]<div class=\"thim-widget-heading template-base\"><div class=\"sc_heading  \"><h3 style=\"color:#292929;font-size:35px;font-weight:600;\" class=\"title\">\u00daltimas <strong>Noticias<\/strong><\/h3><\/div><\/div><div class=\"thim-widget-list-post template-list-post\">\n<div class=\"sc-list-post thim-list-posts home-new\" >\n\t<div class=\"item-post post-12635 post type-post status-publish format-standard hentry category-contratacion category-noticias\">\n\t\t<div class=\"article-title-wrapper\"><h5 class=\"title\"><a href=\"https:\/\/itmariopezzotti.edu.co\/web\/invitacion-contrato-de-papeleria\/\" class=\"article-title\">INVITACI\u00d3N CONTRATO DE ARRIENDO DE PAPELER\u00cdA<\/a><\/h5><div class=\"article-date\"><i class=\"tk tk-calendar-with-week-focus\"><\/i> 17 abril, 2026<\/div><div class=\"description\"><p>El Consejo Directivo del Instituto T\u00e9cnico Mario Pezzotti Lemus invita a proponentes interesados y a la Comunidad en general a presentar cotizaciones para selecci\u00f3n objetiva en los Procesos de Contrataci\u00f3n. Para conocer detalles de clic sobre el siguiente enlace: INVITACI\u00d3N &#8230;<\/p><\/div><\/div><\/div>\n\t<div class=\"item-post post-12630 post type-post status-publish format-standard hentry category-contratacion category-noticias\">\n\t\t<div class=\"article-title-wrapper\"><h5 class=\"title\"><a href=\"https:\/\/itmariopezzotti.edu.co\/web\/invitacion-contrato-de-mantenimiento-de-infraestructura\/\" class=\"article-title\">INVITACION CONTRATO DE MANTENIMIENTO DE INFRAESTRUCTURA<\/a><\/h5><div class=\"article-date\"><i class=\"tk tk-calendar-with-week-focus\"><\/i> 12 marzo, 2026<\/div><div class=\"description\"><p>El Consejo Directivo del Instituto T\u00e9cnico Mario Pezzotti Lemus invita a proponentes interesados y a la Comunidad en general a presentar cotizaciones para selecci\u00f3n objetiva en los Procesos de Contrataci\u00f3n. Para conocer detalles de clic sobre el siguiente enlace: INVITACION &#8230;<\/p><\/div><\/div><\/div>\n\t<div class=\"item-post post-12601 post type-post status-publish format-standard hentry category-contratacion category-noticias\">\n\t\t<div class=\"article-title-wrapper\"><h5 class=\"title\"><a href=\"https:\/\/itmariopezzotti.edu.co\/web\/invitacion-contrato-de-consecion-de-tienda-escolar-2\/\" class=\"article-title\">INVITACION CONTRATO DE CONSECION TIENDA ESCOLAR 2026<\/a><\/h5><div class=\"article-date\"><i class=\"tk tk-calendar-with-week-focus\"><\/i> 8 enero, 2026<\/div><div class=\"description\"><p>El Consejo Directivo del Instituto T\u00e9cnico Mario Pezzotti Lemus invita a proponentes interesados y a la Comunidad en general a presentar cotizaciones para selecci\u00f3n objetiva en los Procesos de Contrataci\u00f3n. Para conocer detalles de clic sobre el siguiente enlace: INVITACION &#8230;<\/p><\/div><\/div><\/div><\/div><\/div>[\/vc_column][\/vc_row][vc_row css=\u00bb.vc_custom_1548794962314{padding-top: 0px !important;padding-bottom: 0px !important;}\u00bb][vc_column][vc_separator][\/vc_column][\/vc_row][vc_row full_width=\u00bbstretch_row\u00bb css=\u00bb.vc_custom_1737468553335{padding-top: 80px !important;padding-bottom: 80px !important;background-color: #71cefc !important;}\u00bb][vc_column css=\u00bb.vc_custom_1532076559485{padding-top: 0px !important;}\u00bb]<div class=\"vc-extral_class wpb_animate_when_almost_visible wpb_left-to-right left-to-right\"><div class=\"thim-widget-gallery-images template-base\"><div class=\"thim-carousel-wrapper gallery-img\" data-visible=\"3\" data-itemtablet=\"3\" data-itemmobile=\"3\" data-autoplay=\"0\" data-navigation=\"0\" data-pagination=\"0\" data-loop=\"true\"><div class=\"item\"><a target=_blank href=\"https:\/\/teprotejocolombia.org\/\"><img loading=\"lazy\" decoding=\"async\" width=\"412\" height=\"150\" src=\"https:\/\/itmariopezzotti.edu.co\/web\/wp-content\/uploads\/2025\/01\/TEPROTEJO.png\" class=\"attachment-full size-full\" alt=\"\" srcset=\"https:\/\/itmariopezzotti.edu.co\/web\/wp-content\/uploads\/2025\/01\/TEPROTEJO.png 412w, https:\/\/itmariopezzotti.edu.co\/web\/wp-content\/uploads\/2025\/01\/TEPROTEJO-300x109.png 300w\" sizes=\"auto, (max-width: 412px) 100vw, 412px\" \/><\/a><\/div><div class=\"item\"><a target=_blank href=\"https:\/\/www.sena.edu.co\/es-co\/Paginas\/default.aspx\"><img loading=\"lazy\" decoding=\"async\" width=\"153\" height=\"150\" src=\"https:\/\/itmariopezzotti.edu.co\/web\/wp-content\/uploads\/2025\/01\/logoSena-e1737411421366.png\" class=\"attachment-full size-full\" alt=\"\" \/><\/a><\/div><div class=\"item\"><a target=_blank href=\"https:\/\/www.icfes.gov.co\/\"><img loading=\"lazy\" decoding=\"async\" width=\"108\" height=\"150\" src=\"https:\/\/itmariopezzotti.edu.co\/web\/wp-content\/uploads\/2025\/01\/ICFES.png\" class=\"attachment-full size-full\" alt=\"\" \/><\/a><\/div><\/div><\/div><\/div>[\/vc_column][\/vc_row][vc_row][vc_column][vc_column_text]<\/strong><\/strong>[\/vc_column_text][\/vc_column][\/vc_row]<\/p>\n<\/div>","protected":false},"excerpt":{"rendered":"<p>[vc_row full_width=\u00bbstretch_row\u00bb][vc_column][rev_slider_vc alias=\u00bbhome-page\u00bb][\/vc_column][\/vc_row][vc_row css=\u00bb.vc_custom_1762356615614{margin-top: -90px !important;background-color: #eee0cd !important;}\u00bb el_class=\u00bbrow_relative\u00bb][vc_column width=\u00bb2\/3&#8243; css=\u00bb.vc_custom_1532058844902{padding-top: 0px !important;}\u00bb][vc_row_inner css=\u00bb.vc_custom_1532058886594{margin-bottom: 0px !important;padding-top: 35px !important;padding-right: 20px !important;padding-bottom: 30px !important;padding-left: 20px !important;}\u00bb][vc_column_inner width=\u00bb1\/2&#8243;][\/vc_column_inner][vc_column_inner width=\u00bb1\/2&#8243;][\/vc_column_inner][\/vc_row_inner][\/vc_column][vc_column width=\u00bb1\/3&#8243; el_class=\u00bbfeature-icon-box\u00bb css=\u00bb.vc_custom_1532058945916{padding-top: 35px !important;padding-right: 0px !important;padding-bottom: 33px !important;padding-left: 30px !important;}\u00bb][\/vc_column][\/vc_row][vc_row disable_element=\u00bbyes\u00bb css=\u00bb.vc_custom_1762356624330{margin-top: -90px &hellip; <\/p>\n","protected":false},"author":1,"featured_media":0,"parent":0,"menu_order":0,"comment_status":"closed","ping_status":"closed","template":"page-templates\/homepage.php","meta":{"footnotes":""},"class_list":["post-10591","page","type-page","status-publish","hentry"],"_links":{"self":[{"href":"https:\/\/itmariopezzotti.edu.co\/web\/wp-json\/wp\/v2\/pages\/10591","targetHints":{"allow":["GET"]}}],"collection":[{"href":"https:\/\/itmariopezzotti.edu.co\/web\/wp-json\/wp\/v2\/pages"}],"about":[{"href":"https:\/\/itmariopezzotti.edu.co\/web\/wp-json\/wp\/v2\/types\/page"}],"author":[{"embeddable":true,"href":"https:\/\/itmariopezzotti.edu.co\/web\/wp-json\/wp\/v2\/users\/1"}],"replies":[{"embeddable":true,"href":"https:\/\/itmariopezzotti.edu.co\/web\/wp-json\/wp\/v2\/comments?post=10591"}],"version-history":[{"count":77,"href":"https:\/\/itmariopezzotti.edu.co\/web\/wp-json\/wp\/v2\/pages\/10591\/revisions"}],"predecessor-version":[{"id":12595,"href":"https:\/\/itmariopezzotti.edu.co\/web\/wp-json\/wp\/v2\/pages\/10591\/revisions\/12595"}],"wp:attachment":[{"href":"https:\/\/itmariopezzotti.edu.co\/web\/wp-json\/wp\/v2\/media?parent=10591"}],"curies":[{"name":"wp","href":"https:\/\/api.w.org\/{rel}","templated":true}]}}