{"id":11502,"date":"2019-03-21T15:20:48","date_gmt":"2019-03-21T20:20:48","guid":{"rendered":"https:\/\/itmariopezzotti.edu.co\/web\/?page_id=11502"},"modified":"2026-02-15T09:05:49","modified_gmt":"2026-02-15T14:05:49","slug":"nuestro-colegio","status":"publish","type":"page","link":"https:\/\/itmariopezzotti.edu.co\/web\/nuestro-colegio\/","title":{"rendered":"Nuestro Colegio"},"content":{"rendered":"<div class=\"wpb-content-wrapper\"><p>[vc_row][vc_column]<div class=\"thim-widget-heading template-base\"><div class=\"sc_heading  text-center\"><h3 style=\"font-size:35px;font-weight:600;\" class=\"title\">Informaci\u00f3n <strong>Institucional<\/strong><\/h3><\/div><\/div>[\/vc_column][\/vc_row][vc_row css=\u00bb.vc_custom_1553219266128{margin-bottom: 15px !important;}\u00bb][vc_column width=\u00bb5\/12&#8243; css=\u00bb.vc_custom_1553219212365{margin-bottom: 30px !important;}\u00bb][vc_column_text]<\/p>\n<h3 class=\"thim-text-title\">Misi\u00f3n<\/h3>\n<p>\u201cEl Instituto T\u00e9cnico Mario Pezzotti Lemus es una instituci\u00f3n educativa que desarrolla su quehacer pedag\u00f3gico en los niveles de preescolar, b\u00e1sica y media t\u00e9cnica en articulaci\u00f3n con el SENA, con un equipo interdisciplinario de docentes innovadores, cuya tarea prioritaria est\u00e1 orientada a la formaci\u00f3n integral de estudiantes, priorizando el respeto por la dignidad del ser humano en todas sus dimensiones y la promoci\u00f3n del pensamiento cr\u00edtico, en el marco de una educaci\u00f3n inclusiva incorporando las nuevas tecnolog\u00edas que le permitan transformar positivamente el medio con el que interact\u00faa.\u201d.[\/vc_column_text][\/vc_column][vc_column width=\u00bb7\/12&#8243; css=\u00bb.vc_custom_1553219224890{margin-bottom: 30px !important;}\u00bb][vc_column_text]<\/p>\n<h3 class=\"thim-text-title\">Visi\u00f3n<\/h3>\n<p>\u00abEl Instituto T\u00e9cnico Mario Pezzotti Lemus en el 2030, ser\u00e1 reconocido a nivel departamental como una instituci\u00f3n innovadora en \u00e1mbitos pedag\u00f3gicos, did\u00e1cticos y tecnol\u00f3gicos, que atiende sin distinci\u00f3n, con justicia y pertinencia a la poblaci\u00f3n residenciada en el municipio de Los Patios, favoreciendo el mejoramiento de la calidad de vida de sus estudiantes como ciudadanos promotores de su propio desarrollo, del cambio social y propiciadores de ambientes de paz.\u00bb[\/vc_column_text][\/vc_column][\/vc_row][vc_row][vc_column][vc_tta_tabs][vc_tta_section title=\u00bbFILOSOF\u00cdA Y PRINCIPIOS\u00bb tab_id=\u00bb1553201553661-4cb8a9a4-11b5&#8243;][vc_column_text]<\/p>\n<h3 class=\"thim-text-title\">Filosof\u00eda<\/h3>\n<p>El Instituto T\u00e9cnico Mario Pezzotti Lemus, se identifica como una comunidad educativa plural, inclusiva y respetuosa de la diversidad, que tiene como prop\u00f3sito fundamental formar ni\u00f1os, ni\u00f1as y adolescentes integrales aptos, a trav\u00e9s de convenios de articulaci\u00f3n de la educaci\u00f3n Media T\u00e9cnica con el SENA, para competir con \u00e9xito en el campo laboral y universitario, con miras al mejoramiento de la calidad de vida y en procura de integrarse en forma constructiva con su entorno natural, social y cultural, con sentimientos democr\u00e1ticos y transformadores.<\/p>\n<h3 class=\"thim-text-title\">Principios Institucionales<\/h3>\n<p>El Instituto T\u00e9cnico Mario Pezzotti Lemus en su quehacer educativo opta por los siguientes principios:<\/p>\n<p><strong>Democr\u00e1tico<\/strong>. Por cuanto se fomenta el pluralismo ideol\u00f3gico, la participaci\u00f3n activa y el respeto por la diferencia.<\/p>\n<p><strong>Autonom\u00eda<\/strong>. Formamos j\u00f3venes capaces de tomar sus propias decisiones con responsabilidad y asertividad.<\/p>\n<p><strong>Investigativo<\/strong>. Propicia un ambiente para la consulta y la investigaci\u00f3n.<\/p>\n<p><strong>Tolerancia<\/strong>. Se desarrolla la capacidad para convivir en el respeto por la diferencia y muy especialmente por los estudiantes que presentan necesidades educativas especiales.<\/p>\n<p><strong>Equidad.<\/strong> Se crea un ambiente propicio para la justicia.<\/p>\n<p><strong>Solidaridad<\/strong>. Se fomenta el esp\u00edritu de compa\u00f1erismo y de ayuda mutua.<\/p>\n<p><strong>Respeto<\/strong>. Se valora la dignidad del ser humano y se fomenta la autoestima en los estudiantes.<\/p>\n<p><strong>Libre expresi\u00f3n y participaci\u00f3n<\/strong>. Propicia espacios para la expresi\u00f3n del pensamiento, desarrolla el sentido cr\u00edtico y participaci\u00f3n en las diferentes manifestaciones art\u00edsticas, culturales y deportivas.<\/p>\n<p><strong>Sana Convivencia<\/strong>. Orienta a las relaciones armoniosas a nivel individual, grupal, institucional y comunitario.<\/p>\n<p><strong>Compromiso<\/strong>. Permite afianzar el sentido de pertenencia por la instituci\u00f3n y la responsabilidad compartida en el proceso de aprendizaje.<\/p>\n<p><strong>Interdisciplinariedad<\/strong>. Destreza pare el manejo de las diferentes \u00e1reas del conocimiento.<\/p>\n<p><strong>Eficacia.<\/strong> Conlleva a capacitar a los j\u00f3venes para que su desempe\u00f1o en las diferentes \u00e1reas del saber y en el mundo laboral sea exitoso.<\/p>\n<p><strong>Eficiencia<\/strong>. Formar y capacitar a los educandos con una mentalidad capaz de entender el mundo de hoy, participar activamente en su transformaci\u00f3n y lograr desarrollar su propio proyecto de vida.<\/p>\n<p><strong>Entereza<\/strong>.\u00a0 La capacidad para alcanzar metas.<\/p>\n<p><strong>Perseverancia<\/strong>. Voluntad ganas de hacer la cosa bien.<\/p>\n<p><strong>Servicio<\/strong>. Demuestra capacidad para servir y colaborar a los dem\u00e1s.<\/p>\n<p><strong>Liderazgo<\/strong>. Evidencia la capacidad de convocatoria alrededor de prop\u00f3sitos para el bienestar colectivo.<\/p>\n<p><strong>Sentido de pertenencia<\/strong>. Evidencia actitudes que demuestran que empieza a alinearse con la filosof\u00eda institucional.<\/p>\n<p><strong>Disciplina deportiva<\/strong>.\u00a0 Practica con disciplina el deporte de su preferencia<strong>.<\/strong>[\/vc_column_text][\/vc_tta_section][vc_tta_section title=\u00bbPOL\u00cdTICA Y OBJETIVOS DE CALIDAD\u00bb tab_id=\u00bb1553202116208-8d028f78-28a5&#8243;][vc_column_text]<\/p>\n<h3 class=\"thim-text-title\">Pol\u00edtica de Calidad<\/h3>\n<p>El Instituto T\u00e9cnico Mario Pezzotti Lemus logra el cumplimiento de su misi\u00f3n mediante el desarrollo de una cultura de calidad, \u00a0coherente con el modelo pedag\u00f3gico constructivista garantizando un proceso de formaci\u00f3n integral de alto nivel y la adquisici\u00f3n de competencias laborales que satisfacen las necesidades de los estudiantes y padres de familia, para lo cual cuenta con un equipo de trabajo comprometido para alcanzar la mejora continua de los procesos.<\/p>\n<h3 class=\"thim-text-title\">Objetivos de Calidad<\/h3>\n<ul class=\"thim-list-content\">\n<li>Responder a las necesidades y expectativas de los estudiantes con un servicio educativo fundamentado en el horizonte institucional, mediante el acompa\u00f1amiento en el proceso de formaci\u00f3n integral.<\/li>\n<li>Mejorar las competencias, habilidades, conocimiento y condiciones del talento humano con el fin de satisfacer las necesidades y expectativas de calidad en la prestaci\u00f3n del servicio educativo.<\/li>\n<li>Impulsar la Gesti\u00f3n del Conocimiento a partir de las buenas pr\u00e1cticas pedag\u00f3gicas y el fomento del uso de las TIC en el aula.<\/li>\n<\/ul>\n<p>[\/vc_column_text][\/vc_tta_section][vc_tta_section title=\u00bbFINES INSTITUCIONALES\u00bb tab_id=\u00bb1553203450656-a52e943b-1e54&#8243;][vc_column_text]<\/p>\n<h3 class=\"thim-text-title\">Fines Institucionales<\/h3>\n<p>Los fines de la instituci\u00f3n son:<\/p>\n<ol>\n<li>Propiciar el pleno desarrollo de la personalidad de nuestros educandos.<\/li>\n<li>La formaci\u00f3n en el respeto a: La vida, los derechos humanos, las diferencias individuales, la paz, la democracia, la participaci\u00f3n, la convivencia, el pluralismo, la justicia, la solidaridad, la equidad, la tolerancia, la libertad, la autoridad leg\u00edtima y a la Ley.<\/li>\n<li>La adquisici\u00f3n del conocimiento y la construcci\u00f3n de competencias ciudadanas, b\u00e1sicas y laborales a trav\u00e9s de la ciencia y la tecnolog\u00eda, como fundamento del desarrollo individual que le permita al educando vincularse al sector productivo.<\/li>\n<li>El estudio y la comprensi\u00f3n cr\u00edtica de la historia, la cultura y la soberan\u00eda nacional y de la diversidad \u00e9tnica y social, como fundamento de unidad e identidad.<\/li>\n<li>La promoci\u00f3n de la capacidad para adoptar en el educando, como propio el desarrollo del municipio de Los Patios y su contribuci\u00f3n al mejoramiento de la calidad de vida de la familia como eje fundamental de la sociedad.<\/li>\n<\/ol>\n<p>[\/vc_column_text][\/vc_tta_section][vc_tta_section title=\u00bbDOCUMENTOS INSTITUCIONALES\u00bb tab_id=\u00bb1708378389057-ab64df14-e74f\u00bb]<div class=\"thim-widget-icon-box template-base\"><div class=\"wrapper-box-icon text-left \" ><div class=\"smicon-box iconbox-right\" style=\"--icon-font-size:14px;--icon-width: 200px;\"><div class=\"boxes-icon\"><a class=\"icon-box-link\" target=\"_blank\" href=\"https:\/\/itmariopezzotti.edu.co\/web\/wp-content\/uploads\/2026\/02\/Archivo-1.-Proyecto-educativo-Institucional-PEI-Version-2026.pdf\"><span class=\"inner-icon\"><span class=\"icon\"><i class=\"far fa-file-alt\"\"><\/i><\/span><\/span><\/span><\/a><\/div><div class=\"content-inner\"><div class=\"sc-heading article_heading\"><h3 class = \"heading__primary\" style=\"--title-color: #81d742;\">PROYECTO EDUCATIVO INSTITUCIONAL - PEI<\/h3><\/div><div class=\"desc-icon-box\"><div class=\"desc-content\" style=\"font-size: 14px;line-height: 21px;\">Conoce todas las pol\u00edticas institucionales en nuestro Proyecto Educativo Institucional.<\/div><\/div><\/div><\/div><\/div><\/div>[vc_separator]<div class=\"thim-widget-icon-box template-base\"><div class=\"wrapper-box-icon text-left \" ><div class=\"smicon-box iconbox-right\" style=\"--icon-font-size:14px;--icon-width: 200px;\"><div class=\"boxes-icon\"><a class=\"icon-box-link\" target=\"_blank\" href=\"https:\/\/itmariopezzotti.edu.co\/web\/wp-content\/uploads\/2026\/02\/Archivo-3.-Anexo-2-del-PEI.-Manual-de-Convivencia-Version-2026.pdf\"><span class=\"inner-icon\"><span class=\"icon\"><i class=\"far fa-file-alt\"\"><\/i><\/span><\/span><\/span><\/a><\/div><div class=\"content-inner\"><div class=\"sc-heading article_heading\"><h3 class = \"heading__primary\" style=\"--title-color: #81d742;\">MANUAL DE CONVIVENCIA<\/h3><\/div><div class=\"desc-icon-box\"><div class=\"desc-content\" style=\"font-size: 14px;line-height: 21px;\">Encuentra ac\u00e1 el documento que orienta nuestra convivencia dentro del Instituto T\u00e9cnico Mario Pezzotti Lemus<\/div><\/div><\/div><\/div><\/div><\/div>[vc_separator]<div class=\"thim-widget-icon-box template-base\"><div class=\"wrapper-box-icon text-left \" ><div class=\"smicon-box iconbox-right\" style=\"--icon-font-size:14px;--icon-width: 200px;\"><div class=\"boxes-icon\"><a class=\"icon-box-link\" target=\"_blank\" href=\"https:\/\/itmariopezzotti.edu.co\/web\/wp-content\/uploads\/2026\/02\/Archivo-2.-Anexo-1-del-PEI.-SIEE-Version-2026.pdf\"><span class=\"inner-icon\"><span class=\"icon\"><i class=\"far fa-file-alt\"\"><\/i><\/span><\/span><\/span><\/a><\/div><div class=\"content-inner\"><div class=\"sc-heading article_heading\"><h3 class = \"heading__primary\" style=\"--title-color: #81d742;\">SISTEMA INSTITUCIONAL DE EVALUACI\u00d3N DE ESTUDIANTES<\/h3><\/div><div class=\"desc-icon-box\"><div class=\"desc-content\" style=\"font-size: 14px;line-height: 21px;\">Accede al documento que ilustra el Sistema de Evaluaci\u00f3n que se implementa en el Instituto T\u00e9cnico Mario Pezzotti Lemus<\/div><\/div><\/div><\/div><\/div><\/div>[vc_separator][\/vc_tta_section][\/vc_tta_tabs][\/vc_column][\/vc_row]<\/p>\n<\/div>","protected":false},"excerpt":{"rendered":"<p>[vc_row][vc_column][\/vc_column][\/vc_row][vc_row css=\u00bb.vc_custom_1553219266128{margin-bottom: 15px !important;}\u00bb][vc_column width=\u00bb5\/12&#8243; css=\u00bb.vc_custom_1553219212365{margin-bottom: 30px !important;}\u00bb][vc_column_text] Misi\u00f3n \u201cEl Instituto T\u00e9cnico Mario Pezzotti Lemus es una instituci\u00f3n educativa que desarrolla su quehacer pedag\u00f3gico en los niveles de preescolar, b\u00e1sica y media t\u00e9cnica en articulaci\u00f3n con el SENA, con un &hellip; <\/p>\n","protected":false},"author":1,"featured_media":0,"parent":0,"menu_order":0,"comment_status":"closed","ping_status":"closed","template":"","meta":{"footnotes":""},"class_list":["post-11502","page","type-page","status-publish","hentry"],"_links":{"self":[{"href":"https:\/\/itmariopezzotti.edu.co\/web\/wp-json\/wp\/v2\/pages\/11502","targetHints":{"allow":["GET"]}}],"collection":[{"href":"https:\/\/itmariopezzotti.edu.co\/web\/wp-json\/wp\/v2\/pages"}],"about":[{"href":"https:\/\/itmariopezzotti.edu.co\/web\/wp-json\/wp\/v2\/types\/page"}],"author":[{"embeddable":true,"href":"https:\/\/itmariopezzotti.edu.co\/web\/wp-json\/wp\/v2\/users\/1"}],"replies":[{"embeddable":true,"href":"https:\/\/itmariopezzotti.edu.co\/web\/wp-json\/wp\/v2\/comments?post=11502"}],"version-history":[{"count":17,"href":"https:\/\/itmariopezzotti.edu.co\/web\/wp-json\/wp\/v2\/pages\/11502\/revisions"}],"predecessor-version":[{"id":12619,"href":"https:\/\/itmariopezzotti.edu.co\/web\/wp-json\/wp\/v2\/pages\/11502\/revisions\/12619"}],"wp:attachment":[{"href":"https:\/\/itmariopezzotti.edu.co\/web\/wp-json\/wp\/v2\/media?parent=11502"}],"curies":[{"name":"wp","href":"https:\/\/api.w.org\/{rel}","templated":true}]}}